{"id":3953,"date":"2021-06-25T19:04:25","date_gmt":"2021-06-25T19:04:25","guid":{"rendered":"https:\/\/lerntherapie.be\/?page_id=3953"},"modified":"2021-06-30T20:55:30","modified_gmt":"2021-06-30T20:55:30","slug":"ads-adhs-und-konzentrationsprobleme","status":"publish","type":"page","link":"https:\/\/lerntherapie.be\/?page_id=3953","title":{"rendered":"ADS, ADHS und Konzentrationsprobleme"},"content":{"rendered":"\t\t<div data-elementor-type=\"wp-page\" data-elementor-id=\"3953\" class=\"elementor elementor-3953\">\n\t\t\t\t\t\t<section class=\"elementor-section elementor-top-section elementor-element elementor-element-3e2301c elementor-section-boxed elementor-section-height-default elementor-section-height-default cd-bg-color-transparent\" data-id=\"3e2301c\" data-element_type=\"section\">\n\t\t\t\t\t\t<div class=\"elementor-container elementor-column-gap-default\">\n\t\t\t\t\t<div class=\"elementor-column elementor-col-100 elementor-top-column elementor-element elementor-element-0202f81 cd-bg-color-transparent\" data-id=\"0202f81\" data-element_type=\"column\">\n\t\t\t<div class=\"elementor-widget-wrap elementor-element-populated\">\n\t\t\t\t\t\t<div class=\"elementor-element elementor-element-e52e6b4 elementor-widget elementor-widget-parezy-custom-heading\" data-id=\"e52e6b4\" data-element_type=\"widget\" data-widget_type=\"parezy-custom-heading.default\">\n\t\t\t\t<div class=\"elementor-widget-container\">\n\t\t\t\t\t\t\t<div class=\"tcr_custom_heading_wrapper tcr-custom-heading1679877239 custom-heading-style-1 heading-alignment-left\">\r\n\t\t\t<div class=\"tcr-custom-heading-wrapper\">\r\n\t\t\t<div class=\"tcr-heading-subtitle-wrapper subtitle-text-\">\r\n\t\t\t<h3 class=\"heading-subtitle\">\r\n\t\t\t\tADS, ADHS und Konzentrationsprobleme\t\t\t<\/h3>\r\n\t\t<\/div>\r\n\t\t\t\t<div class=\"tcr-heading-title-wrapper title-text-\">\r\n\t\t\t<h3 class=\"heading-title\">\r\n\t\t\t\tSchwierige Kinder gibt es nicht - oder doch?\t\t\t<\/h3>\r\n\t\t<\/div>\r\n\t\t<\/div>\r\n\t\t<\/div>\r\n\t\t\t\t\t\t<\/div>\n\t\t\t\t<\/div>\n\t\t\t\t\t<\/div>\n\t\t<\/div>\n\t\t\t\t\t<\/div>\n\t\t<\/section>\n\t\t\t\t<section class=\"elementor-section elementor-top-section elementor-element elementor-element-1add18b elementor-section-boxed elementor-section-height-default elementor-section-height-default cd-bg-color-transparent\" data-id=\"1add18b\" data-element_type=\"section\">\n\t\t\t\t\t\t<div class=\"elementor-container elementor-column-gap-default\">\n\t\t\t\t\t<div class=\"elementor-column elementor-col-100 elementor-top-column elementor-element elementor-element-2b0923b cd-bg-color-transparent\" data-id=\"2b0923b\" data-element_type=\"column\">\n\t\t\t<div class=\"elementor-widget-wrap elementor-element-populated\">\n\t\t\t\t\t\t<section class=\"elementor-section elementor-inner-section elementor-element elementor-element-540cb98 elementor-section-boxed elementor-section-height-default elementor-section-height-default cd-bg-color-transparent\" data-id=\"540cb98\" data-element_type=\"section\">\n\t\t\t\t\t\t<div class=\"elementor-container elementor-column-gap-default\">\n\t\t\t\t\t<div class=\"elementor-column elementor-col-50 elementor-inner-column elementor-element elementor-element-29cb1ae cd-bg-color-transparent\" data-id=\"29cb1ae\" data-element_type=\"column\">\n\t\t\t<div class=\"elementor-widget-wrap elementor-element-populated\">\n\t\t\t\t\t\t<div class=\"elementor-element elementor-element-6176d95 elementor-widget elementor-widget-text-editor\" data-id=\"6176d95\" data-element_type=\"widget\" data-widget_type=\"text-editor.default\">\n\t\t\t\t<div class=\"elementor-widget-container\">\n\t\t\t\t\t\t\t\t\t<p>ADHS<\/p>\t\t\t\t\t\t\t\t<\/div>\n\t\t\t\t<\/div>\n\t\t\t\t\t<\/div>\n\t\t<\/div>\n\t\t\t\t<div class=\"elementor-column elementor-col-50 elementor-inner-column elementor-element elementor-element-16406ec cd-bg-color-transparent\" data-id=\"16406ec\" data-element_type=\"column\">\n\t\t\t<div class=\"elementor-widget-wrap elementor-element-populated\">\n\t\t\t\t\t\t<div class=\"elementor-element elementor-element-90690c5 elementor-widget elementor-widget-text-editor\" data-id=\"90690c5\" data-element_type=\"widget\" data-widget_type=\"text-editor.default\">\n\t\t\t\t<div class=\"elementor-widget-container\">\n\t\t\t\t\t\t\t\t\t<p>ADHS<\/p>\t\t\t\t\t\t\t\t<\/div>\n\t\t\t\t<\/div>\n\t\t\t\t\t<\/div>\n\t\t<\/div>\n\t\t\t\t\t<\/div>\n\t\t<\/section>\n\t\t\t\t\t<\/div>\n\t\t<\/div>\n\t\t\t\t\t<\/div>\n\t\t<\/section>\n\t\t\t\t<section class=\"elementor-section elementor-top-section elementor-element elementor-element-50b7c52 elementor-section-boxed elementor-section-height-default elementor-section-height-default cd-bg-color-transparent\" data-id=\"50b7c52\" data-element_type=\"section\">\n\t\t\t\t\t\t<div class=\"elementor-container elementor-column-gap-default\">\n\t\t\t\t\t<div class=\"elementor-column elementor-col-100 elementor-top-column elementor-element elementor-element-829525d cd-bg-color-transparent\" data-id=\"829525d\" data-element_type=\"column\">\n\t\t\t<div class=\"elementor-widget-wrap elementor-element-populated\">\n\t\t\t\t\t\t<div class=\"elementor-element elementor-element-c7d63b3 elementor-widget elementor-widget-heading\" data-id=\"c7d63b3\" data-element_type=\"widget\" data-widget_type=\"heading.default\">\n\t\t\t\t<div class=\"elementor-widget-container\">\n\t\t\t\t\t<h2 class=\"elementor-heading-title elementor-size-default\">Ursachen von ADHS<\/h2>\t\t\t\t<\/div>\n\t\t\t\t<\/div>\n\t\t\t\t\t<\/div>\n\t\t<\/div>\n\t\t\t\t\t<\/div>\n\t\t<\/section>\n\t\t\t\t<section class=\"elementor-section elementor-top-section elementor-element elementor-element-ddde7fc elementor-section-boxed elementor-section-height-default elementor-section-height-default cd-bg-color-transparent\" data-id=\"ddde7fc\" data-element_type=\"section\">\n\t\t\t\t\t\t<div class=\"elementor-container elementor-column-gap-default\">\n\t\t\t\t\t<div class=\"elementor-column elementor-col-100 elementor-top-column elementor-element elementor-element-44c7a86 cd-bg-color-transparent\" data-id=\"44c7a86\" data-element_type=\"column\">\n\t\t\t<div class=\"elementor-widget-wrap elementor-element-populated\">\n\t\t\t\t\t\t<section class=\"elementor-section elementor-inner-section elementor-element elementor-element-8779c54 elementor-section-boxed elementor-section-height-default elementor-section-height-default cd-bg-color-transparent\" data-id=\"8779c54\" data-element_type=\"section\">\n\t\t\t\t\t\t<div class=\"elementor-container elementor-column-gap-default\">\n\t\t\t\t\t<div class=\"elementor-column elementor-col-50 elementor-inner-column elementor-element elementor-element-aa6d7c8 cd-bg-color-transparent\" data-id=\"aa6d7c8\" data-element_type=\"column\">\n\t\t\t<div class=\"elementor-widget-wrap elementor-element-populated\">\n\t\t\t\t\t\t<div class=\"elementor-element elementor-element-093d976 elementor-widget elementor-widget-parezy-list\" data-id=\"093d976\" data-element_type=\"widget\" data-widget_type=\"parezy-list.default\">\n\t\t\t\t<div class=\"elementor-widget-container\">\n\t\t\t\t\t\t\t<div class=\"tcr-elementor-widget tcr_list_wrapper\">\r\n\t\t\t\t\t\t<div class=\"tcr-list-wrapper\">\r\n\t\t\t\t<ul class=\"tcr-list\">\r\n\t\t\t\t\t\t\t\t\t\t\t\t\t<li class=\"list-item\">\r\n\t\t\t\t\t\t\t\t\t\t\t\t\t\t\t\t\t\t\t\t<div class=\"tcr-list-icon\"><i aria-hidden=\"true\" class=\"fas fa-bomb\"><\/i><\/div>\r\n\t\t\t\t\t\t\t\t\t\t\t\t\t\t\t\t\t\t\t\t\t\t\t\t\t\t\t\t\t\t<p class=\"tcr-list-info\" >\r\n\t\t\t\t\t\t\t\t\t\t<a href=\"#\" target=\"_blank\" rel=\"nofollow\" >Genetische Disposition<\/a>\t\t\t\t\t\t\t\t\t\t<\/p>\r\n\r\n\t\t\t\t\t\t\t\t\t\t\t\t\t\t\t\t\t<\/li>\r\n\t\t\t\t\t\t\t\t\t\t\t\t\t\t\t\t<li class=\"list-item\">\r\n\t\t\t\t\t\t\t\t\t\t\t\t\t\t\t\t\t\t\t\t<div class=\"tcr-list-icon\"><i aria-hidden=\"true\" class=\"fas fa-bomb\"><\/i><\/div>\r\n\t\t\t\t\t\t\t\t\t\t\t\t\t\t\t\t\t\t\t\t\t\t\t\t\t\t\t\t\t\t<p class=\"tcr-list-info\" >\r\n\t\t\t\t\t\t\t\t\t\t<a href=\"#\" target=\"_blank\" rel=\"nofollow\" >Ung\u00fcnstige famili\u00e4re Bedingungen<\/a>\t\t\t\t\t\t\t\t\t\t<\/p>\r\n\r\n\t\t\t\t\t\t\t\t\t\t\t\t\t\t\t\t\t<\/li>\r\n\t\t\t\t\t\t\t\t\t\t\t\t\t\t\t\t<li class=\"list-item\">\r\n\t\t\t\t\t\t\t\t\t\t\t\t\t\t\t\t\t\t\t\t<div class=\"tcr-list-icon\"><i aria-hidden=\"true\" class=\"fas fa-bomb\"><\/i><\/div>\r\n\t\t\t\t\t\t\t\t\t\t\t\t\t\t\t\t\t\t\t\t\t\t\t\t\t\t\t\t\t\t<p class=\"tcr-list-info\" >\r\n\t\t\t\t\t\t\t\t\t\t<a href=\"#\" target=\"_blank\" rel=\"nofollow\" >Reiz\u00fcberflutung<\/a>\t\t\t\t\t\t\t\t\t\t<\/p>\r\n\r\n\t\t\t\t\t\t\t\t\t\t\t\t\t\t\t\t\t<\/li>\r\n\t\t\t\t\t\t\t\t\t\t\t\t\t\t\t\t<li class=\"list-item\">\r\n\t\t\t\t\t\t\t\t\t\t\t\t\t\t\t\t\t\t\t\t<div class=\"tcr-list-icon\"><i aria-hidden=\"true\" class=\"fas fa-bomb\"><\/i><\/div>\r\n\t\t\t\t\t\t\t\t\t\t\t\t\t\t\t\t\t\t\t\t\t\t\t\t\t\t\t\t\t\t<p class=\"tcr-list-info\" >\r\n\t\t\t\t\t\t\t\t\t\t<a href=\"#\" target=\"_blank\" rel=\"nofollow\" >Bindungsst\u00f6rung<\/a>\t\t\t\t\t\t\t\t\t\t<\/p>\r\n\r\n\t\t\t\t\t\t\t\t\t\t\t\t\t\t\t\t\t<\/li>\r\n\t\t\t\t\t\t\t\t\t\t\t\t\t\t\t\t<li class=\"list-item\">\r\n\t\t\t\t\t\t\t\t\t\t\t\t\t\t\t\t\t\t\t\t<div class=\"tcr-list-icon\"><i aria-hidden=\"true\" class=\"fas fa-bomb\"><\/i><\/div>\r\n\t\t\t\t\t\t\t\t\t\t\t\t\t\t\t\t\t\t\t\t\t\t\t\t\t\t\t\t\t\t<p class=\"tcr-list-info\" >\r\n\t\t\t\t\t\t\t\t\t\t<a href=\"#\" target=\"_blank\" rel=\"nofollow\" >Stoffwechselst\u00f6rung<\/a>\t\t\t\t\t\t\t\t\t\t<\/p>\r\n\r\n\t\t\t\t\t\t\t\t\t\t\t\t\t\t\t\t\t<\/li>\r\n\t\t\t\t\t\t\t\t\t\t\t\t\t\t\t\t<li class=\"list-item\">\r\n\t\t\t\t\t\t\t\t\t\t\t\t\t\t\t\t\t\t\t\t<div class=\"tcr-list-icon\"><i aria-hidden=\"true\" class=\"fas fa-bomb\"><\/i><\/div>\r\n\t\t\t\t\t\t\t\t\t\t\t\t\t\t\t\t\t\t\t\t\t\t\t\t\t\t\t\t\t\t<p class=\"tcr-list-info\" >\r\n\t\t\t\t\t\t\t\t\t\t<a href=\"#\" target=\"_blank\" rel=\"nofollow\" >Niedrige Schwelle zur &quot;Verwirrung&quot;<\/a>\t\t\t\t\t\t\t\t\t\t<\/p>\r\n\r\n\t\t\t\t\t\t\t\t\t\t\t\t\t\t\t\t\t<\/li>\r\n\t\t\t\t\t\t\t\t\t\t\t\t\t\t\t\t<li class=\"list-item\">\r\n\t\t\t\t\t\t\t\t\t\t\t\t\t\t\t\t\t\t\t\t<div class=\"tcr-list-icon\"><i aria-hidden=\"true\" class=\"fas fa-bomb\"><\/i><\/div>\r\n\t\t\t\t\t\t\t\t\t\t\t\t\t\t\t\t\t\t\t\t\t\t\t\t\t\t\t\t\t\t<p class=\"tcr-list-info\" >\r\n\t\t\t\t\t\t\t\t\t\t<a href=\"#\" target=\"_blank\" rel=\"nofollow\" >Nahrungsmittelunvertr\u00e4glichkeiten u.\u00e4.<\/a>\t\t\t\t\t\t\t\t\t\t<\/p>\r\n\r\n\t\t\t\t\t\t\t\t\t\t\t\t\t\t\t\t\t<\/li>\r\n\t\t\t\t\t\t\t\t\t\t\t\t<\/ul>\r\n\t\t\t<\/div>\r\n\t\t<\/div>\r\n\t\t\t\t\t\t<\/div>\n\t\t\t\t<\/div>\n\t\t\t\t\t<\/div>\n\t\t<\/div>\n\t\t\t\t<div class=\"elementor-column elementor-col-50 elementor-inner-column elementor-element elementor-element-0fdc170 cd-bg-color-transparent\" data-id=\"0fdc170\" data-element_type=\"column\">\n\t\t\t<div class=\"elementor-widget-wrap elementor-element-populated\">\n\t\t\t\t\t\t<div class=\"elementor-element elementor-element-bbc949c elementor-widget elementor-widget-text-editor\" data-id=\"bbc949c\" data-element_type=\"widget\" data-widget_type=\"text-editor.default\">\n\t\t\t\t<div class=\"elementor-widget-container\">\n\t\t\t\t\t\t\t\t\t<p>Lorem ipsum dolor sit amet, consectetur adipiscing elit. Ut elit tellus, luctus nec ullamcorper mattis, pulvinar dapibus leo.<\/p>\t\t\t\t\t\t\t\t<\/div>\n\t\t\t\t<\/div>\n\t\t\t\t\t<\/div>\n\t\t<\/div>\n\t\t\t\t\t<\/div>\n\t\t<\/section>\n\t\t\t\t\t<\/div>\n\t\t<\/div>\n\t\t\t\t\t<\/div>\n\t\t<\/section>\n\t\t\t\t<section class=\"elementor-section elementor-top-section elementor-element elementor-element-5b25714 elementor-section-boxed elementor-section-height-default elementor-section-height-default cd-bg-color-transparent\" data-id=\"5b25714\" data-element_type=\"section\">\n\t\t\t\t\t\t<div class=\"elementor-container elementor-column-gap-default\">\n\t\t\t\t\t<div class=\"elementor-column elementor-col-100 elementor-top-column elementor-element elementor-element-ad3e5e3 cd-bg-color-transparent\" data-id=\"ad3e5e3\" data-element_type=\"column\">\n\t\t\t<div class=\"elementor-widget-wrap elementor-element-populated\">\n\t\t\t\t\t\t<div class=\"elementor-element elementor-element-aca0f58 elementor-widget elementor-widget-spacer\" data-id=\"aca0f58\" data-element_type=\"widget\" data-widget_type=\"spacer.default\">\n\t\t\t\t<div class=\"elementor-widget-container\">\n\t\t\t\t\t\t\t<div class=\"elementor-spacer\">\n\t\t\t<div class=\"elementor-spacer-inner\"><\/div>\n\t\t<\/div>\n\t\t\t\t\t\t<\/div>\n\t\t\t\t<\/div>\n\t\t\t\t\t<\/div>\n\t\t<\/div>\n\t\t\t\t\t<\/div>\n\t\t<\/section>\n\t\t\t\t<section class=\"elementor-section elementor-top-section elementor-element elementor-element-a2d9d5b elementor-section-boxed elementor-section-height-default elementor-section-height-default cd-bg-color-transparent\" data-id=\"a2d9d5b\" data-element_type=\"section\">\n\t\t\t\t\t\t<div class=\"elementor-container elementor-column-gap-default\">\n\t\t\t\t\t<div class=\"elementor-column elementor-col-100 elementor-top-column elementor-element elementor-element-cd7a061 cd-bg-color-transparent\" data-id=\"cd7a061\" data-element_type=\"column\">\n\t\t\t<div class=\"elementor-widget-wrap elementor-element-populated\">\n\t\t\t\t\t\t<div class=\"elementor-element elementor-element-0cb447a elementor-widget elementor-widget-accordion\" data-id=\"0cb447a\" data-element_type=\"widget\" data-widget_type=\"accordion.default\">\n\t\t\t\t<div class=\"elementor-widget-container\">\n\t\t\t\t\t\t\t<div class=\"elementor-accordion\">\n\t\t\t\t\t\t\t<div class=\"elementor-accordion-item\">\n\t\t\t\t\t<div id=\"elementor-tab-title-1331\" class=\"elementor-tab-title\" data-tab=\"1\" role=\"button\" aria-controls=\"elementor-tab-content-1331\" aria-expanded=\"false\">\n\t\t\t\t\t\t\t\t\t\t\t\t\t<span class=\"elementor-accordion-icon elementor-accordion-icon-left\" aria-hidden=\"true\">\n\t\t\t\t\t\t\t\t\t\t\t\t\t\t\t<span class=\"elementor-accordion-icon-closed\"><i class=\"fas fa-plus\"><\/i><\/span>\n\t\t\t\t\t\t\t\t<span class=\"elementor-accordion-icon-opened\"><i class=\"fas fa-minus\"><\/i><\/span>\n\t\t\t\t\t\t\t\t\t\t\t\t\t\t<\/span>\n\t\t\t\t\t\t\t\t\t\t\t\t<a class=\"elementor-accordion-title\" tabindex=\"0\">Ist ADHS eine Krankheit?<\/a>\n\t\t\t\t\t<\/div>\n\t\t\t\t\t<div id=\"elementor-tab-content-1331\" class=\"elementor-tab-content elementor-clearfix\" data-tab=\"1\" role=\"region\" aria-labelledby=\"elementor-tab-title-1331\"><\/div>\n\t\t\t\t<\/div>\n\t\t\t\t\t\t\t<div class=\"elementor-accordion-item\">\n\t\t\t\t\t<div id=\"elementor-tab-title-1332\" class=\"elementor-tab-title\" data-tab=\"2\" role=\"button\" aria-controls=\"elementor-tab-content-1332\" aria-expanded=\"false\">\n\t\t\t\t\t\t\t\t\t\t\t\t\t<span class=\"elementor-accordion-icon elementor-accordion-icon-left\" aria-hidden=\"true\">\n\t\t\t\t\t\t\t\t\t\t\t\t\t\t\t<span class=\"elementor-accordion-icon-closed\"><i class=\"fas fa-plus\"><\/i><\/span>\n\t\t\t\t\t\t\t\t<span class=\"elementor-accordion-icon-opened\"><i class=\"fas fa-minus\"><\/i><\/span>\n\t\t\t\t\t\t\t\t\t\t\t\t\t\t<\/span>\n\t\t\t\t\t\t\t\t\t\t\t\t<a class=\"elementor-accordion-title\" tabindex=\"0\">Wie gehen Sie bei einem Verdacht auf ADHS vor?<\/a>\n\t\t\t\t\t<\/div>\n\t\t\t\t\t<div id=\"elementor-tab-content-1332\" class=\"elementor-tab-content elementor-clearfix\" data-tab=\"2\" role=\"region\" aria-labelledby=\"elementor-tab-title-1332\"><\/div>\n\t\t\t\t<\/div>\n\t\t\t\t\t\t\t\t<\/div>\n\t\t\t\t\t\t<\/div>\n\t\t\t\t<\/div>\n\t\t\t\t<div class=\"elementor-element elementor-element-b9f1939 elementor-widget elementor-widget-spacer\" data-id=\"b9f1939\" data-element_type=\"widget\" data-widget_type=\"spacer.default\">\n\t\t\t\t<div class=\"elementor-widget-container\">\n\t\t\t\t\t\t\t<div class=\"elementor-spacer\">\n\t\t\t<div class=\"elementor-spacer-inner\"><\/div>\n\t\t<\/div>\n\t\t\t\t\t\t<\/div>\n\t\t\t\t<\/div>\n\t\t\t\t\t<\/div>\n\t\t<\/div>\n\t\t\t\t\t<\/div>\n\t\t<\/section>\n\t\t\t\t<section class=\"elementor-section elementor-top-section elementor-element elementor-element-074c394 elementor-section-boxed elementor-section-height-default elementor-section-height-default cd-bg-color-transparent\" data-id=\"074c394\" data-element_type=\"section\">\n\t\t\t\t\t\t<div class=\"elementor-container elementor-column-gap-default\">\n\t\t\t\t\t<div class=\"elementor-column elementor-col-100 elementor-top-column elementor-element elementor-element-fd04f7a cd-bg-color-transparent\" data-id=\"fd04f7a\" data-element_type=\"column\">\n\t\t\t<div class=\"elementor-widget-wrap elementor-element-populated\">\n\t\t\t\t\t\t<div class=\"elementor-element elementor-element-59f6fc0 elementor-widget elementor-widget-heading\" data-id=\"59f6fc0\" data-element_type=\"widget\" data-widget_type=\"heading.default\">\n\t\t\t\t<div class=\"elementor-widget-container\">\n\t\t\t\t\t<h2 class=\"elementor-heading-title elementor-size-default\">M\u00f6gliche Behandlungsmethoden<\/h2>\t\t\t\t<\/div>\n\t\t\t\t<\/div>\n\t\t\t\t\t<\/div>\n\t\t<\/div>\n\t\t\t\t\t<\/div>\n\t\t<\/section>\n\t\t\t\t<section class=\"elementor-section elementor-top-section elementor-element elementor-element-4d15428 elementor-section-boxed elementor-section-height-default elementor-section-height-default cd-bg-color-transparent\" data-id=\"4d15428\" data-element_type=\"section\">\n\t\t\t\t\t\t<div class=\"elementor-container elementor-column-gap-default\">\n\t\t\t\t\t<div class=\"elementor-column elementor-col-100 elementor-top-column elementor-element elementor-element-39dd5c8 cd-bg-color-transparent\" data-id=\"39dd5c8\" data-element_type=\"column\">\n\t\t\t<div class=\"elementor-widget-wrap elementor-element-populated\">\n\t\t\t\t\t\t<div class=\"elementor-element elementor-element-303eb31 elementor-widget elementor-widget-parezy-services\" data-id=\"303eb31\" data-element_type=\"widget\" data-widget_type=\"parezy-services.default\">\n\t\t\t\t<div class=\"elementor-widget-container\">\n\t\t\t\t\t\t\t<div class=\"tcr-elementor-widget tcr_services_wrapper services-style-1 services-layout-slider\">\r\n\t\t\t<div class=\"owl-carousel owl-theme tcr-service-wrapper\" data-owl_options=\"{&quot;items&quot;:&quot;3&quot;,&quot;loop&quot;:&quot;yes&quot;,&quot;margin&quot;:0,&quot;nav&quot;:&quot;yes&quot;,&quot;dots&quot;:&quot;yes&quot;,&quot;autoplay&quot;:&quot;yes&quot;,&quot;smartSpeed&quot;:1000,&quot;navText&quot;:[&quot;&lt;i class=&#039;flaticon-left-arrow&#039;&gt;&lt;\\\/i&gt;&quot;,&quot;&lt;i class=&#039;flaticon-next&#039;&gt;&lt;\\\/i&gt;&quot;],&quot;responsive&quot;:{&quot;0&quot;:{&quot;items&quot;:1},&quot;576&quot;:{&quot;items&quot;:2},&quot;768&quot;:{&quot;items&quot;:3},&quot;992&quot;:{&quot;items&quot;:3}}}\">\r\n\t<div class=\"tcr-service-slide\">\r\n\t<div class=\"tcr-service-service-wrapper\">\t\t\t\t\r\n\t\t<div class=\"tcr-service-service-thumbnail-wrapper\">\r\n\t\t\t\t\t\t<div class=\"tcr-service-image-container\">\r\n\t\t\t\t\t\t\t\t\t<img decoding=\"async\" class=\"service-image\" src=\"https:\/\/lerntherapie.be\/wp-content\/uploads\/2021\/06\/IMG_6095-800x600.jpg\" alt=\"Haptisches Begreifen mit Knete\">\r\n\t\t\t\t\t\t\t\t<\/div>\t\t\t\t\t\r\n\t\t<\/div>\r\n\t\t<div class=\"tcr-service-content-inner\">\r\n\t\t\t<div class=\"tcr-service-content-cover d-flex align-items-center\">\r\n\t\t\t\t<div class=\"tcr-service-date\">\r\n\t\t\t\t\t\t\t\t\t<i class=\"flaticon-foot-massage\"><\/i>\r\n\t\t\t\t\t\t\t\t\t<\/div>\r\n\t\t\t\t<div class=\"tcr-service-title\">\r\n\t\t\t\t\t<h3 class=\"service-title\"><a href=\"https:\/\/lerntherapie.be\/?service=first-steps-therapy\">Haptisches Begreifen mit Knete<\/a><\/h3>\r\n\t\t\t\t<\/div>\r\n\t\t\t<\/div>\r\n\t\t\t<div class=\"tcr-service-content\">\t\t\t\t\t\r\n\t\t\t\t<p>Et jet sich um foljendes<\/p>\n\t\t\t\t<a href=\"https:\/\/lerntherapie.be\/?service=first-steps-therapy\">Read More<i class=\"flaticon flaticon-next\"><\/i><\/a>\r\n\t\t\t<\/div>\r\n\t\t<\/div>\r\n\t<\/div>\r\n<\/div>\r\n<div class=\"tcr-service-slide\">\r\n\t<div class=\"tcr-service-service-wrapper\">\t\t\t\t\r\n\t\t<div class=\"tcr-service-service-thumbnail-wrapper\">\r\n\t\t\t\t\t\t<div class=\"tcr-service-image-container\">\r\n\t\t\t\t\t\t\t\t\t<img decoding=\"async\" class=\"service-image\" src=\"https:\/\/lerntherapie.be\/wp-content\/uploads\/2021\/06\/12-Beobachten-800x600.jpg\" alt=\"Konzentration und Stressabbau\">\r\n\t\t\t\t\t\t\t\t<\/div>\t\t\t\t\t\r\n\t\t<\/div>\r\n\t\t<div class=\"tcr-service-content-inner\">\r\n\t\t\t<div class=\"tcr-service-content-cover d-flex align-items-center\">\r\n\t\t\t\t<div class=\"tcr-service-date\">\r\n\t\t\t\t\t\t\t\t\t<i class=\"flaticon-meditate\"><\/i>\r\n\t\t\t\t\t\t\t\t\t<\/div>\r\n\t\t\t\t<div class=\"tcr-service-title\">\r\n\t\t\t\t\t<h3 class=\"service-title\"><a href=\"https:\/\/lerntherapie.be\/?service=pediatric-hand-therapy\">Konzentration und Stressabbau<\/a><\/h3>\r\n\t\t\t\t<\/div>\r\n\t\t\t<\/div>\r\n\t\t\t<div class=\"tcr-service-content\">\t\t\t\t\t\r\n\t\t\t\t<p>It is a long established fact that a reader will be distracted by the readable content of a page when.<\/p>\n\t\t\t\t<a href=\"https:\/\/lerntherapie.be\/?service=pediatric-hand-therapy\">Read More<i class=\"flaticon flaticon-next\"><\/i><\/a>\r\n\t\t\t<\/div>\r\n\t\t<\/div>\r\n\t<\/div>\r\n<\/div>\r\n<div class=\"tcr-service-slide\">\r\n\t<div class=\"tcr-service-service-wrapper\">\t\t\t\t\r\n\t\t<div class=\"tcr-service-service-thumbnail-wrapper\">\r\n\t\t\t\t\t\t<div class=\"tcr-service-image-container\">\r\n\t\t\t\t\t\t\t\t\t<img decoding=\"async\" class=\"service-image\" src=\"https:\/\/lerntherapie.be\/wp-content\/uploads\/2021\/06\/DSC09078__-800x600.jpg\" alt=\"Ich schaff`s-Programm nach Furman\">\r\n\t\t\t\t\t\t\t\t<\/div>\t\t\t\t\t\r\n\t\t<\/div>\r\n\t\t<div class=\"tcr-service-content-inner\">\r\n\t\t\t<div class=\"tcr-service-content-cover d-flex align-items-center\">\r\n\t\t\t\t<div class=\"tcr-service-date\">\r\n\t\t\t\t\t\t\t\t\t<i class=\"flaticon-boy\"><\/i>\r\n\t\t\t\t\t\t\t\t\t<\/div>\r\n\t\t\t\t<div class=\"tcr-service-title\">\r\n\t\t\t\t\t<h3 class=\"service-title\"><a href=\"https:\/\/lerntherapie.be\/?service=therapeutic-listening\">Ich schaff`s-Programm nach Furman<\/a><\/h3>\r\n\t\t\t\t<\/div>\r\n\t\t\t<\/div>\r\n\t\t\t<div class=\"tcr-service-content\">\t\t\t\t\t\r\n\t\t\t\t<p>It is a long established fact that a reader will be distracted by the readable content of a page when.<\/p>\n\t\t\t\t<a href=\"https:\/\/lerntherapie.be\/?service=therapeutic-listening\">Read More<i class=\"flaticon flaticon-next\"><\/i><\/a>\r\n\t\t\t<\/div>\r\n\t\t<\/div>\r\n\t<\/div>\r\n<\/div>\r\n<div class=\"tcr-service-slide\">\r\n\t<div class=\"tcr-service-service-wrapper\">\t\t\t\t\r\n\t\t<div class=\"tcr-service-service-thumbnail-wrapper\">\r\n\t\t\t\t\t\t<div class=\"tcr-service-image-container\">\r\n\t\t\t\t\t\t\t\t\t<img decoding=\"async\" class=\"service-image\" src=\"https:\/\/lerntherapie.be\/wp-content\/uploads\/2021\/06\/14-Schmecken-768x600.jpg\" alt=\"Lerntherapeutische Naturp\u00e4dagogik\">\r\n\t\t\t\t\t\t\t\t<\/div>\t\t\t\t\t\r\n\t\t<\/div>\r\n\t\t<div class=\"tcr-service-content-inner\">\r\n\t\t\t<div class=\"tcr-service-content-cover d-flex align-items-center\">\r\n\t\t\t\t<div class=\"tcr-service-date\">\r\n\t\t\t\t\t\t\t\t\t<i class=\"flaticon-pinwheel\"><\/i>\r\n\t\t\t\t\t\t\t\t\t<\/div>\r\n\t\t\t\t<div class=\"tcr-service-title\">\r\n\t\t\t\t\t<h3 class=\"service-title\"><a href=\"https:\/\/lerntherapie.be\/?service=expressive-language\">Lerntherapeutische Naturp\u00e4dagogik<\/a><\/h3>\r\n\t\t\t\t<\/div>\r\n\t\t\t<\/div>\r\n\t\t\t<div class=\"tcr-service-content\">\t\t\t\t\t\r\n\t\t\t\t<p>It is a long established fact that a reader will be distracted by the readable content of a page when.<\/p>\n\t\t\t\t<a href=\"https:\/\/lerntherapie.be\/?service=expressive-language\">Read More<i class=\"flaticon flaticon-next\"><\/i><\/a>\r\n\t\t\t<\/div>\r\n\t\t<\/div>\r\n\t<\/div>\r\n<\/div>\r\n<\/div>\r\n\t\t<\/div>\r\n\t\t\t\t\t\t<\/div>\n\t\t\t\t<\/div>\n\t\t\t\t\t<\/div>\n\t\t<\/div>\n\t\t\t\t\t<\/div>\n\t\t<\/section>\n\t\t\t\t<\/div>\n\t\t","protected":false},"excerpt":{"rendered":"<p>ADS, ADHS und Konzentrationsprobleme Schwierige Kinder gibt es nicht &#8211; oder doch? ADHS ADHS Ursachen von ADHS Genetische Disposition Ung\u00fcnstige famili\u00e4re Bedingungen Reiz\u00fcberflutung Bindungsst\u00f6rung Stoffwechselst\u00f6rung Niedrige Schwelle zur &quot;Verwirrung&quot; Nahrungsmittelunvertr\u00e4glichkeiten u.\u00e4. Lorem ipsum dolor sit amet, consectetur adipiscing elit. Ut elit tellus, luctus nec ullamcorper mattis, pulvinar dapibus leo. Ist ADHS eine Krankheit? Wie gehen [&hellip;]<\/p>\n","protected":false},"author":1,"featured_media":0,"parent":0,"menu_order":0,"comment_status":"closed","ping_status":"closed","template":"","meta":{"footnotes":""},"_links":{"self":[{"href":"https:\/\/lerntherapie.be\/index.php?rest_route=\/wp\/v2\/pages\/3953"}],"collection":[{"href":"https:\/\/lerntherapie.be\/index.php?rest_route=\/wp\/v2\/pages"}],"about":[{"href":"https:\/\/lerntherapie.be\/index.php?rest_route=\/wp\/v2\/types\/page"}],"author":[{"embeddable":true,"href":"https:\/\/lerntherapie.be\/index.php?rest_route=\/wp\/v2\/users\/1"}],"replies":[{"embeddable":true,"href":"https:\/\/lerntherapie.be\/index.php?rest_route=%2Fwp%2Fv2%2Fcomments&post=3953"}],"version-history":[{"count":31,"href":"https:\/\/lerntherapie.be\/index.php?rest_route=\/wp\/v2\/pages\/3953\/revisions"}],"predecessor-version":[{"id":4295,"href":"https:\/\/lerntherapie.be\/index.php?rest_route=\/wp\/v2\/pages\/3953\/revisions\/4295"}],"wp:attachment":[{"href":"https:\/\/lerntherapie.be\/index.php?rest_route=%2Fwp%2Fv2%2Fmedia&parent=3953"}],"curies":[{"name":"wp","href":"https:\/\/api.w.org\/{rel}","templated":true}]}}