{"id":1209,"date":"2020-07-24T10:58:15","date_gmt":"2020-07-24T10:58:15","guid":{"rendered":"https:\/\/themekreativ.com\/parezy\/?page_id=1209"},"modified":"2021-06-28T15:01:29","modified_gmt":"2021-06-28T15:01:29","slug":"our-pricing","status":"publish","type":"page","link":"https:\/\/lerntherapie.be\/?page_id=1209","title":{"rendered":"Dauer und Kosten"},"content":{"rendered":"\t\t<div data-elementor-type=\"wp-page\" data-elementor-id=\"1209\" class=\"elementor elementor-1209\">\n\t\t\t\t\t\t<section class=\"elementor-section elementor-top-section elementor-element elementor-element-3eb59b9 elementor-section-boxed elementor-section-height-default elementor-section-height-default cd-bg-color-transparent\" data-id=\"3eb59b9\" data-element_type=\"section\">\n\t\t\t\t\t\t<div class=\"elementor-container elementor-column-gap-default\">\n\t\t\t\t\t<div class=\"elementor-column elementor-col-100 elementor-top-column elementor-element elementor-element-7fb8084 cd-bg-color-transparent\" data-id=\"7fb8084\" data-element_type=\"column\">\n\t\t\t<div class=\"elementor-widget-wrap elementor-element-populated\">\n\t\t\t\t\t\t<div class=\"elementor-element elementor-element-77cbffb elementor-widget elementor-widget-heading\" data-id=\"77cbffb\" data-element_type=\"widget\" data-widget_type=\"heading.default\">\n\t\t\t\t<div class=\"elementor-widget-container\">\n\t\t\t\t\t<h2 class=\"elementor-heading-title elementor-size-default\">Dauer der Lerntherapie<\/h2>\t\t\t\t<\/div>\n\t\t\t\t<\/div>\n\t\t\t\t\t<\/div>\n\t\t<\/div>\n\t\t\t\t\t<\/div>\n\t\t<\/section>\n\t\t\t\t<section class=\"elementor-section elementor-top-section elementor-element elementor-element-807ea9e elementor-section-boxed elementor-section-height-default elementor-section-height-default cd-bg-color-transparent\" data-id=\"807ea9e\" data-element_type=\"section\">\n\t\t\t\t\t\t<div class=\"elementor-container elementor-column-gap-default\">\n\t\t\t\t\t<div class=\"elementor-column elementor-col-100 elementor-top-column elementor-element elementor-element-a09d545 cd-bg-color-transparent\" data-id=\"a09d545\" data-element_type=\"column\">\n\t\t\t<div class=\"elementor-widget-wrap elementor-element-populated\">\n\t\t\t\t\t\t<div class=\"elementor-element elementor-element-2ffb222 elementor-widget elementor-widget-text-editor\" data-id=\"2ffb222\" data-element_type=\"widget\" data-widget_type=\"text-editor.default\">\n\t\t\t\t<div class=\"elementor-widget-container\">\n\t\t\t\t\t\t\t\t\t<p>So verschieden wie die Problemstellungen, so flexibel sind auch unsere Unterrichtsformen und die Dauer eines Lerncoachings. Das Lerncoaching kann im Rahmen eines festen Platzes regelm\u00e4\u00dfig einmal w\u00f6chentlich oder alternativ mit individuell vereinbarten Einzelstunden belegt werden. Die Gesamtdauer variiert je nach Ausgangslage, Zielsetzung und erzielter Fortschritte.<\/p>\n<p><strong>Die Kosten<\/strong> des Lerncoachings sind in der Regel selber zu tragen. Bei fach\u00e4rztlich diagnostizierten Lernst\u00f6rungen und entsprechend vorliegenden Voraussetzungen, kann in Einzelf\u00e4llen Kosten\u00fcbernahme f\u00fcr eine Lerntherapie beim Jugendamt beantragt werden.<\/p>\t\t\t\t\t\t\t\t<\/div>\n\t\t\t\t<\/div>\n\t\t\t\t\t<\/div>\n\t\t<\/div>\n\t\t\t\t\t<\/div>\n\t\t<\/section>\n\t\t\t\t<section class=\"elementor-section elementor-top-section elementor-element elementor-element-3e7d275d elementor-section-boxed elementor-section-height-default elementor-section-height-default cd-bg-color-transparent\" data-id=\"3e7d275d\" data-element_type=\"section\">\n\t\t\t\t\t\t<div class=\"elementor-container elementor-column-gap-no\">\n\t\t\t\t\t<div class=\"elementor-column elementor-col-100 elementor-top-column elementor-element elementor-element-b360037 cd-bg-color-transparent\" data-id=\"b360037\" data-element_type=\"column\">\n\t\t\t<div class=\"elementor-widget-wrap elementor-element-populated\">\n\t\t\t\t\t\t<div class=\"elementor-element elementor-element-74165fa elementor-widget elementor-widget-parezy-custom-heading\" data-id=\"74165fa\" data-element_type=\"widget\" data-widget_type=\"parezy-custom-heading.default\">\n\t\t\t\t<div class=\"elementor-widget-container\">\n\t\t\t\t\t\t\t<div class=\"tcr_custom_heading_wrapper tcr-custom-heading1934788640 custom-heading-style-1 heading-alignment-center\">\r\n\t\t\t<div class=\"tcr-custom-heading-wrapper\">\r\n\t\t\t<div class=\"tcr-heading-title-wrapper title-text-\">\r\n\t\t\t<h3 class=\"heading-title\">\r\n\t\t\t\tKosten der Lerntherapie\t\t\t<\/h3>\r\n\t\t<\/div>\r\n\t\t<\/div>\r\n\t\t<\/div>\r\n\t\t\t\t\t\t<\/div>\n\t\t\t\t<\/div>\n\t\t\t\t<section class=\"elementor-section elementor-inner-section elementor-element elementor-element-18d9b51d pricing-table-color elementor-section-boxed elementor-section-height-default elementor-section-height-default cd-bg-color-transparent\" data-id=\"18d9b51d\" data-element_type=\"section\">\n\t\t\t\t\t\t<div class=\"elementor-container elementor-column-gap-no\">\n\t\t\t\t\t<div class=\"elementor-column elementor-col-33 elementor-inner-column elementor-element elementor-element-3c1b2c12 cd-bg-color-transparent\" data-id=\"3c1b2c12\" data-element_type=\"column\">\n\t\t\t<div class=\"elementor-widget-wrap elementor-element-populated\">\n\t\t\t\t\t\t<div class=\"elementor-element elementor-element-3d64f7ab elementor-widget elementor-widget-parezy-pricing-table\" data-id=\"3d64f7ab\" data-element_type=\"widget\" data-widget_type=\"parezy-pricing-table.default\">\n\t\t\t\t<div class=\"elementor-widget-container\">\n\t\t\t\t\t\t\t<div class=\"tcr-elementor-widget tcr_pricing_table_wrapper\">\r\n\t\t\t<div class=\"tcr-pricing-table-header d-lg-flex align-items-center justify-content-between\">\r\n\t\t\t\t<div class=\"pricing-table-price-wrapper\">\r\n\t\t\t\t\t<div class=\"pricing-table-base-price\">\r\n\t\t\t\t\t\t\t\t\t\t\t<\/div>\r\n\t\t\t\t\t\t\t\t\t<\/div>\r\n\t\t\t\t<div class=\"pricing-table-title-wrapper\">\r\n\t\t\t\t\t\t\t\t\t\t\t<div class=\"pricing-table-title\">\r\n\t\t\t\t\t\t\tKostenfrei\t\t\t\t\t\t<\/div>\r\n\t\t\t\t\t\t\t\t\t\t<\/div>\r\n\t\t\t<\/div>\r\n\t\t\t<div class=\"tcr-pricing-table-feature-list\">\r\n\t\t\t\t\t\t\t\t\t\t<div class=\"feature-list-item\">\r\n\t\t\t\t\t\t\t\t\t\t\t\t\t<i class=\"fas fa-check\"><\/i>\r\n\t\t\t\t\t\t\tErstkontakt\t\t\t\t\t\t<\/div>\r\n\t\t\t\t\t\t\t\t\t\t\t\t<div class=\"feature-list-item\">\r\n\t\t\t\t\t\t\t\t\t\t\t\t\t<i class=\"fas fa-check\"><\/i>\r\n\t\t\t\t\t\t\tAbkl\u00e4rung unserer M\u00f6glichkeiten\t\t\t\t\t\t<\/div>\r\n\t\t\t\t\t\t\t\t\t\t\t\t<div class=\"feature-list-item\">\r\n\t\t\t\t\t\t\t\t\t\t\t\t\t<i class=\"fas fa-check\"><\/i>\r\n\t\t\t\t\t\t\tEin Buchtipp als Erste-Hilfe-Ma\u00dfnahme \ud83d\ude42\t\t\t\t\t\t<\/div>\r\n\t\t\t\t\t\t\t\t\t<\/div>\r\n\t\t\t<div class=\"tcr-pricing-table-footer\">\r\n\t\t\t\t<div class=\"tcr-pricing-table-button\">\r\n\t\t\t\t\t<a href=\"\" target=\"_blank\" rel=\"nofollow\" >Kontaktaufnahme<\/a>\t\t\t\t<\/div>\r\n\t\t\t<\/div>\r\n\t\t<\/div>\r\n\t\t\t\t\t\t<\/div>\n\t\t\t\t<\/div>\n\t\t\t\t\t<\/div>\n\t\t<\/div>\n\t\t\t\t<div class=\"elementor-column elementor-col-33 elementor-inner-column elementor-element elementor-element-52a81bb2 cd-bg-color-transparent\" data-id=\"52a81bb2\" data-element_type=\"column\">\n\t\t\t<div class=\"elementor-widget-wrap elementor-element-populated\">\n\t\t\t\t\t\t<div class=\"elementor-element elementor-element-e38e526 elementor-widget elementor-widget-parezy-pricing-table\" data-id=\"e38e526\" data-element_type=\"widget\" data-widget_type=\"parezy-pricing-table.default\">\n\t\t\t\t<div class=\"elementor-widget-container\">\n\t\t\t\t\t\t\t<div class=\"tcr-elementor-widget tcr_pricing_table_wrapper\">\r\n\t\t\t<div class=\"tcr-pricing-table-header d-lg-flex align-items-center justify-content-between\">\r\n\t\t\t\t<div class=\"pricing-table-price-wrapper\">\r\n\t\t\t\t\t<div class=\"pricing-table-base-price\">\r\n\t\t\t\t\t\t\u20ac90\t\t\t\t\t<\/div>\r\n\t\t\t\t\t\t\t\t\t<\/div>\r\n\t\t\t\t<div class=\"pricing-table-title-wrapper\">\r\n\t\t\t\t\t\t\t\t\t\t\t<div class=\"pricing-table-title\">\r\n\t\t\t\t\t\t\tAnamnese\t\t\t\t\t\t<\/div>\r\n\t\t\t\t\t\t\t\t\t\t<\/div>\r\n\t\t\t<\/div>\r\n\t\t\t<div class=\"tcr-pricing-table-feature-list\">\r\n\t\t\t\t\t\t\t\t\t\t<div class=\"feature-list-item\">\r\n\t\t\t\t\t\t\t\t\t\t\t\t\t<i class=\"fas fa-check\"><\/i>\r\n\t\t\t\t\t\t\tTherapeutischer Auftrag\t\t\t\t\t\t<\/div>\r\n\t\t\t\t\t\t\t\t\t\t\t\t<div class=\"feature-list-item\">\r\n\t\t\t\t\t\t\t\t\t\t\t\t\t<i class=\"fas fa-check\"><\/i>\r\n\t\t\t\t\t\t\tZieldefinition Eltern und Kind\t\t\t\t\t\t<\/div>\r\n\t\t\t\t\t\t\t\t\t\t\t\t<div class=\"feature-list-item\">\r\n\t\t\t\t\t\t\t\t\t\t\t\t\t<i class=\"fas fa-check\"><\/i>\r\n\t\t\t\t\t\t\tVorabfragebogen\t\t\t\t\t\t<\/div>\r\n\t\t\t\t\t\t\t\t\t\t\t\t<div class=\"feature-list-item\">\r\n\t\t\t\t\t\t\t\t\t\t\t\t\t<i class=\"fas fa-check\"><\/i>\r\n\t\t\t\t\t\t\tUmfangreiche Anamnese\t\t\t\t\t\t<\/div>\r\n\t\t\t\t\t\t\t\t\t\t\t\t<div class=\"feature-list-item\">\r\n\t\t\t\t\t\t\t\t\t\t\t\t\t<i class=\"fas fa-check\"><\/i>\r\n\t\t\t\t\t\t\tProbestunde\t\t\t\t\t\t<\/div>\r\n\t\t\t\t\t\t\t\t\t<\/div>\r\n\t\t\t<div class=\"tcr-pricing-table-footer\">\r\n\t\t\t\t<div class=\"tcr-pricing-table-button\">\r\n\t\t\t\t\t<a href=\"\" target=\"_blank\" rel=\"nofollow\" >Kontaktaufnahme<\/a>\t\t\t\t<\/div>\r\n\t\t\t<\/div>\r\n\t\t<\/div>\r\n\t\t\t\t\t\t<\/div>\n\t\t\t\t<\/div>\n\t\t\t\t\t<\/div>\n\t\t<\/div>\n\t\t\t\t<div class=\"elementor-column elementor-col-33 elementor-inner-column elementor-element elementor-element-36952669 cd-bg-color-transparent\" data-id=\"36952669\" data-element_type=\"column\">\n\t\t\t<div class=\"elementor-widget-wrap elementor-element-populated\">\n\t\t\t\t\t\t<div class=\"elementor-element elementor-element-570dcb53 elementor-widget elementor-widget-parezy-pricing-table\" data-id=\"570dcb53\" data-element_type=\"widget\" data-widget_type=\"parezy-pricing-table.default\">\n\t\t\t\t<div class=\"elementor-widget-container\">\n\t\t\t\t\t\t\t<div class=\"pricing-table-onsale tcr_pricing_table_wrapper\">\r\n\t\t\t<div class=\"tcr-pricing-table-header d-lg-flex align-items-center justify-content-between\">\r\n\t\t\t\t<div class=\"pricing-table-price-wrapper\">\r\n\t\t\t\t\t<div class=\"pricing-table-base-price\">\r\n\t\t\t\t\t\t\u20ac45\t\t\t\t\t<\/div>\r\n\t\t\t\t\t\t\t\t\t<\/div>\r\n\t\t\t\t<div class=\"pricing-table-title-wrapper\">\r\n\t\t\t\t\t\t\t\t\t\t\t<div class=\"pricing-table-title\">\r\n\t\t\t\t\t\t\tpro Stunde\t\t\t\t\t\t<\/div>\r\n\t\t\t\t\t\t\t\t\t\t<\/div>\r\n\t\t\t<\/div>\r\n\t\t\t<div class=\"tcr-pricing-table-feature-list\">\r\n\t\t\t\t\t\t\t\t\t\t<div class=\"feature-list-item\">\r\n\t\t\t\t\t\t\t\t\t\t\t\t\t<i class=\"fas fa-check\"><\/i>\r\n\t\t\t\t\t\t\tF\u00f6rderdiagnostik\t\t\t\t\t\t<\/div>\r\n\t\t\t\t\t\t\t\t\t\t\t\t<div class=\"feature-list-item\">\r\n\t\t\t\t\t\t\t\t\t\t\t\t\t<i class=\"fas fa-check\"><\/i>\r\n\t\t\t\t\t\t\tErstellen eines F\u00f6rderplans\t\t\t\t\t\t<\/div>\r\n\t\t\t\t\t\t\t\t\t\t\t\t<div class=\"feature-list-item\">\r\n\t\t\t\t\t\t\t\t\t\t\t\t\t<i class=\"fas fa-check\"><\/i>\r\n\t\t\t\t\t\t\tSelbstwertaufbau\t\t\t\t\t\t<\/div>\r\n\t\t\t\t\t\t\t\t\t\t\t\t<div class=\"feature-list-item\">\r\n\t\t\t\t\t\t\t\t\t\t\t\t\t<i class=\"fas fa-check\"><\/i>\r\n\t\t\t\t\t\t\tVerbesserung der Konzentrationsf\u00e4higkeiten\t\t\t\t\t\t<\/div>\r\n\t\t\t\t\t\t\t\t\t\t\t\t<div class=\"feature-list-item\">\r\n\t\t\t\t\t\t\t\t\t\t\t\t\t<i class=\"fas fa-check\"><\/i>\r\n\t\t\t\t\t\t\tTraining der Selbststeuerungskompetenzen\t\t\t\t\t\t<\/div>\r\n\t\t\t\t\t\t\t\t\t\t\t\t<div class=\"feature-list-item\">\r\n\t\t\t\t\t\t\t\t\t\t\t\t\t<i class=\"fas fa-check\"><\/i>\r\n\t\t\t\t\t\t\tVerbesserung der Selbstorganisation\t\t\t\t\t\t<\/div>\r\n\t\t\t\t\t\t\t\t\t\t\t\t<div class=\"feature-list-item\">\r\n\t\t\t\t\t\t\t\t\t\t\t\t\t<i class=\"fas fa-check\"><\/i>\r\n\t\t\t\t\t\t\tAufbau von leistungsf\u00f6rdernden Denkweisen\t\t\t\t\t\t<\/div>\r\n\t\t\t\t\t\t\t\t\t\t\t\t<div class=\"feature-list-item\">\r\n\t\t\t\t\t\t\t\t\t\t\t\t\t<i class=\"fas fa-check\"><\/i>\r\n\t\t\t\t\t\t\tAufbau von Kompetenzen im Schriftspracherwerb...\t\t\t\t\t\t<\/div>\r\n\t\t\t\t\t\t\t\t\t\t\t\t<div class=\"feature-list-item\">\r\n\t\t\t\t\t\t\t\t\t\t\t\t\t<i class=\"fas fa-check\"><\/i>\r\n\t\t\t\t\t\t\t...oder in der Mathematik\t\t\t\t\t\t<\/div>\r\n\t\t\t\t\t\t\t\t\t\t\t\t<div class=\"feature-list-item\">\r\n\t\t\t\t\t\t\t\t\t\t\t\t\t<i class=\"fas fa-check\"><\/i>\r\n\t\t\t\t\t\t\tElterncoaching\t\t\t\t\t\t<\/div>\r\n\t\t\t\t\t\t\t\t\t<\/div>\r\n\t\t\t<div class=\"tcr-pricing-table-footer\">\r\n\t\t\t\t<div class=\"tcr-pricing-table-button\">\r\n\t\t\t\t\t\t\t\t\t<\/div>\r\n\t\t\t<\/div>\r\n\t\t<\/div>\r\n\t\t\t\t\t\t<\/div>\n\t\t\t\t<\/div>\n\t\t\t\t\t<\/div>\n\t\t<\/div>\n\t\t\t\t\t<\/div>\n\t\t<\/section>\n\t\t\t\t\t<\/div>\n\t\t<\/div>\n\t\t\t\t\t<\/div>\n\t\t<\/section>\n\t\t\t\t<\/div>\n\t\t","protected":false},"excerpt":{"rendered":"<p>Dauer der Lerntherapie So verschieden wie die Problemstellungen, so flexibel sind auch unsere Unterrichtsformen und die Dauer eines Lerncoachings. Das Lerncoaching kann im Rahmen eines festen Platzes regelm\u00e4\u00dfig einmal w\u00f6chentlich oder alternativ mit individuell vereinbarten Einzelstunden belegt werden. Die Gesamtdauer variiert je nach Ausgangslage, Zielsetzung und erzielter Fortschritte. Die Kosten des Lerncoachings sind in der [&hellip;]<\/p>\n","protected":false},"author":1,"featured_media":0,"parent":0,"menu_order":0,"comment_status":"closed","ping_status":"closed","template":"elementor_header_footer","meta":{"footnotes":""},"_links":{"self":[{"href":"https:\/\/lerntherapie.be\/index.php?rest_route=\/wp\/v2\/pages\/1209"}],"collection":[{"href":"https:\/\/lerntherapie.be\/index.php?rest_route=\/wp\/v2\/pages"}],"about":[{"href":"https:\/\/lerntherapie.be\/index.php?rest_route=\/wp\/v2\/types\/page"}],"author":[{"embeddable":true,"href":"https:\/\/lerntherapie.be\/index.php?rest_route=\/wp\/v2\/users\/1"}],"replies":[{"embeddable":true,"href":"https:\/\/lerntherapie.be\/index.php?rest_route=%2Fwp%2Fv2%2Fcomments&post=1209"}],"version-history":[{"count":30,"href":"https:\/\/lerntherapie.be\/index.php?rest_route=\/wp\/v2\/pages\/1209\/revisions"}],"predecessor-version":[{"id":4220,"href":"https:\/\/lerntherapie.be\/index.php?rest_route=\/wp\/v2\/pages\/1209\/revisions\/4220"}],"wp:attachment":[{"href":"https:\/\/lerntherapie.be\/index.php?rest_route=%2Fwp%2Fv2%2Fmedia&parent=1209"}],"curies":[{"name":"wp","href":"https:\/\/api.w.org\/{rel}","templated":true}]}}